{"id":83,"date":"2025-08-20T21:01:36","date_gmt":"2025-08-20T19:01:36","guid":{"rendered":"https:\/\/ritinihandmade.pl\/?page_id=83"},"modified":"2026-04-08T17:46:47","modified_gmt":"2026-04-08T15:46:47","slug":"zakladki-do-ksiazek","status":"publish","type":"page","link":"https:\/\/ritinihandmade.pl\/?page_id=83","title":{"rendered":"Zak\u0142adki do ksi\u0105\u017cek"},"content":{"rendered":"\n<figure class=\"wp-block-gallery has-nested-images columns-6 is-cropped wp-block-gallery-1 is-layout-flex wp-block-gallery-is-layout-flex\">\n<figure class=\"wp-block-image size-full\"><a href=\"https:\/\/ritinihandmade.pl\/?attachment_id=332\"><img loading=\"lazy\" decoding=\"async\" width=\"1441\" height=\"2560\" data-id=\"332\" src=\"https:\/\/ritinihandmade.pl\/wp-content\/uploads\/2026\/02\/20251121_181134-scaled.jpg\" alt=\"\" class=\"wp-image-332\" srcset=\"https:\/\/ritinihandmade.pl\/wp-content\/uploads\/2026\/02\/20251121_181134-scaled.jpg 1441w, https:\/\/ritinihandmade.pl\/wp-content\/uploads\/2026\/02\/20251121_181134-169x300.jpg 169w, https:\/\/ritinihandmade.pl\/wp-content\/uploads\/2026\/02\/20251121_181134-577x1024.jpg 577w, https:\/\/ritinihandmade.pl\/wp-content\/uploads\/2026\/02\/20251121_181134-768x1364.jpg 768w, https:\/\/ritinihandmade.pl\/wp-content\/uploads\/2026\/02\/20251121_181134-865x1536.jpg 865w, https:\/\/ritinihandmade.pl\/wp-content\/uploads\/2026\/02\/20251121_181134-1153x2048.jpg 1153w\" sizes=\"auto, (max-width: 1441px) 100vw, 1441px\" \/><\/a><\/figure>\n\n\n\n<figure class=\"wp-block-image size-full\"><a href=\"https:\/\/ritinihandmade.pl\/?attachment_id=329\"><img loading=\"lazy\" decoding=\"async\" width=\"1441\" height=\"2560\" data-id=\"329\" src=\"https:\/\/ritinihandmade.pl\/wp-content\/uploads\/2026\/02\/20251121_181143-scaled.jpg\" alt=\"\" class=\"wp-image-329\" srcset=\"https:\/\/ritinihandmade.pl\/wp-content\/uploads\/2026\/02\/20251121_181143-scaled.jpg 1441w, https:\/\/ritinihandmade.pl\/wp-content\/uploads\/2026\/02\/20251121_181143-169x300.jpg 169w, https:\/\/ritinihandmade.pl\/wp-content\/uploads\/2026\/02\/20251121_181143-577x1024.jpg 577w, https:\/\/ritinihandmade.pl\/wp-content\/uploads\/2026\/02\/20251121_181143-768x1364.jpg 768w, https:\/\/ritinihandmade.pl\/wp-content\/uploads\/2026\/02\/20251121_181143-865x1536.jpg 865w, https:\/\/ritinihandmade.pl\/wp-content\/uploads\/2026\/02\/20251121_181143-1153x2048.jpg 1153w\" sizes=\"auto, (max-width: 1441px) 100vw, 1441px\" \/><\/a><\/figure>\n\n\n\n<figure class=\"wp-block-image size-full\"><a href=\"https:\/\/ritinihandmade.pl\/?attachment_id=197\"><img loading=\"lazy\" decoding=\"async\" width=\"1441\" height=\"2560\" data-id=\"197\" src=\"https:\/\/ritinihandmade.pl\/wp-content\/uploads\/2026\/02\/20260203_180038-scaled.jpg\" alt=\"\" class=\"wp-image-197\" srcset=\"https:\/\/ritinihandmade.pl\/wp-content\/uploads\/2026\/02\/20260203_180038-scaled.jpg 1441w, https:\/\/ritinihandmade.pl\/wp-content\/uploads\/2026\/02\/20260203_180038-169x300.jpg 169w, https:\/\/ritinihandmade.pl\/wp-content\/uploads\/2026\/02\/20260203_180038-577x1024.jpg 577w, https:\/\/ritinihandmade.pl\/wp-content\/uploads\/2026\/02\/20260203_180038-768x1364.jpg 768w, https:\/\/ritinihandmade.pl\/wp-content\/uploads\/2026\/02\/20260203_180038-865x1536.jpg 865w, https:\/\/ritinihandmade.pl\/wp-content\/uploads\/2026\/02\/20260203_180038-1153x2048.jpg 1153w\" sizes=\"auto, (max-width: 1441px) 100vw, 1441px\" \/><\/a><\/figure>\n\n\n\n<figure class=\"wp-block-image size-full\"><a href=\"https:\/\/ritinihandmade.pl\/?attachment_id=196\"><img loading=\"lazy\" decoding=\"async\" width=\"1441\" height=\"2560\" data-id=\"196\" src=\"https:\/\/ritinihandmade.pl\/wp-content\/uploads\/2026\/02\/20260203_180331-scaled.jpg\" alt=\"\" class=\"wp-image-196\" srcset=\"https:\/\/ritinihandmade.pl\/wp-content\/uploads\/2026\/02\/20260203_180331-scaled.jpg 1441w, https:\/\/ritinihandmade.pl\/wp-content\/uploads\/2026\/02\/20260203_180331-169x300.jpg 169w, https:\/\/ritinihandmade.pl\/wp-content\/uploads\/2026\/02\/20260203_180331-577x1024.jpg 577w, https:\/\/ritinihandmade.pl\/wp-content\/uploads\/2026\/02\/20260203_180331-768x1364.jpg 768w, https:\/\/ritinihandmade.pl\/wp-content\/uploads\/2026\/02\/20260203_180331-865x1536.jpg 865w, https:\/\/ritinihandmade.pl\/wp-content\/uploads\/2026\/02\/20260203_180331-1153x2048.jpg 1153w\" sizes=\"auto, (max-width: 1441px) 100vw, 1441px\" \/><\/a><\/figure>\n\n\n\n<figure class=\"wp-block-image size-full\"><a href=\"https:\/\/ritinihandmade.pl\/?attachment_id=193\"><img loading=\"lazy\" decoding=\"async\" width=\"1441\" height=\"2560\" data-id=\"193\" src=\"https:\/\/ritinihandmade.pl\/wp-content\/uploads\/2026\/02\/20260203_175943-scaled.jpg\" alt=\"\" class=\"wp-image-193\" srcset=\"https:\/\/ritinihandmade.pl\/wp-content\/uploads\/2026\/02\/20260203_175943-scaled.jpg 1441w, https:\/\/ritinihandmade.pl\/wp-content\/uploads\/2026\/02\/20260203_175943-169x300.jpg 169w, https:\/\/ritinihandmade.pl\/wp-content\/uploads\/2026\/02\/20260203_175943-577x1024.jpg 577w, https:\/\/ritinihandmade.pl\/wp-content\/uploads\/2026\/02\/20260203_175943-768x1364.jpg 768w, https:\/\/ritinihandmade.pl\/wp-content\/uploads\/2026\/02\/20260203_175943-865x1536.jpg 865w, https:\/\/ritinihandmade.pl\/wp-content\/uploads\/2026\/02\/20260203_175943-1153x2048.jpg 1153w\" sizes=\"auto, (max-width: 1441px) 100vw, 1441px\" \/><\/a><\/figure>\n\n\n\n<figure class=\"wp-block-image size-full\"><a href=\"https:\/\/ritinihandmade.pl\/?attachment_id=194\"><img loading=\"lazy\" decoding=\"async\" width=\"1441\" height=\"2560\" data-id=\"194\" src=\"https:\/\/ritinihandmade.pl\/wp-content\/uploads\/2026\/02\/20260203_180119-scaled.jpg\" alt=\"\" class=\"wp-image-194\" srcset=\"https:\/\/ritinihandmade.pl\/wp-content\/uploads\/2026\/02\/20260203_180119-scaled.jpg 1441w, https:\/\/ritinihandmade.pl\/wp-content\/uploads\/2026\/02\/20260203_180119-169x300.jpg 169w, https:\/\/ritinihandmade.pl\/wp-content\/uploads\/2026\/02\/20260203_180119-577x1024.jpg 577w, https:\/\/ritinihandmade.pl\/wp-content\/uploads\/2026\/02\/20260203_180119-768x1364.jpg 768w, https:\/\/ritinihandmade.pl\/wp-content\/uploads\/2026\/02\/20260203_180119-865x1536.jpg 865w, https:\/\/ritinihandmade.pl\/wp-content\/uploads\/2026\/02\/20260203_180119-1153x2048.jpg 1153w\" sizes=\"auto, (max-width: 1441px) 100vw, 1441px\" \/><\/a><\/figure>\n\n\n\n<figure class=\"wp-block-image size-full\"><a href=\"https:\/\/ritinihandmade.pl\/?attachment_id=195\"><img loading=\"lazy\" decoding=\"async\" width=\"1441\" height=\"2560\" data-id=\"195\" src=\"https:\/\/ritinihandmade.pl\/wp-content\/uploads\/2026\/02\/20260203_180210-scaled.jpg\" alt=\"\" class=\"wp-image-195\" srcset=\"https:\/\/ritinihandmade.pl\/wp-content\/uploads\/2026\/02\/20260203_180210-scaled.jpg 1441w, https:\/\/ritinihandmade.pl\/wp-content\/uploads\/2026\/02\/20260203_180210-169x300.jpg 169w, https:\/\/ritinihandmade.pl\/wp-content\/uploads\/2026\/02\/20260203_180210-577x1024.jpg 577w, https:\/\/ritinihandmade.pl\/wp-content\/uploads\/2026\/02\/20260203_180210-768x1364.jpg 768w, https:\/\/ritinihandmade.pl\/wp-content\/uploads\/2026\/02\/20260203_180210-865x1536.jpg 865w, https:\/\/ritinihandmade.pl\/wp-content\/uploads\/2026\/02\/20260203_180210-1153x2048.jpg 1153w\" sizes=\"auto, (max-width: 1441px) 100vw, 1441px\" \/><\/a><\/figure>\n\n\n\n<figure class=\"wp-block-image size-full\"><a href=\"https:\/\/ritinihandmade.pl\/?attachment_id=334\"><img loading=\"lazy\" decoding=\"async\" width=\"1441\" height=\"2560\" data-id=\"334\" src=\"https:\/\/ritinihandmade.pl\/wp-content\/uploads\/2026\/02\/20250127_111417-scaled.jpg\" alt=\"\" class=\"wp-image-334\" srcset=\"https:\/\/ritinihandmade.pl\/wp-content\/uploads\/2026\/02\/20250127_111417-scaled.jpg 1441w, https:\/\/ritinihandmade.pl\/wp-content\/uploads\/2026\/02\/20250127_111417-169x300.jpg 169w, https:\/\/ritinihandmade.pl\/wp-content\/uploads\/2026\/02\/20250127_111417-577x1024.jpg 577w, https:\/\/ritinihandmade.pl\/wp-content\/uploads\/2026\/02\/20250127_111417-768x1364.jpg 768w, https:\/\/ritinihandmade.pl\/wp-content\/uploads\/2026\/02\/20250127_111417-865x1536.jpg 865w, https:\/\/ritinihandmade.pl\/wp-content\/uploads\/2026\/02\/20250127_111417-1153x2048.jpg 1153w\" sizes=\"auto, (max-width: 1441px) 100vw, 1441px\" \/><\/a><\/figure>\n\n\n\n<figure class=\"wp-block-image size-full\"><a href=\"https:\/\/ritinihandmade.pl\/?attachment_id=333\"><img loading=\"lazy\" decoding=\"async\" width=\"1441\" height=\"2560\" data-id=\"333\" src=\"https:\/\/ritinihandmade.pl\/wp-content\/uploads\/2026\/02\/20250127_111402-scaled.jpg\" alt=\"\" class=\"wp-image-333\" srcset=\"https:\/\/ritinihandmade.pl\/wp-content\/uploads\/2026\/02\/20250127_111402-scaled.jpg 1441w, https:\/\/ritinihandmade.pl\/wp-content\/uploads\/2026\/02\/20250127_111402-169x300.jpg 169w, https:\/\/ritinihandmade.pl\/wp-content\/uploads\/2026\/02\/20250127_111402-577x1024.jpg 577w, https:\/\/ritinihandmade.pl\/wp-content\/uploads\/2026\/02\/20250127_111402-768x1364.jpg 768w, https:\/\/ritinihandmade.pl\/wp-content\/uploads\/2026\/02\/20250127_111402-865x1536.jpg 865w, https:\/\/ritinihandmade.pl\/wp-content\/uploads\/2026\/02\/20250127_111402-1153x2048.jpg 1153w\" sizes=\"auto, (max-width: 1441px) 100vw, 1441px\" \/><\/a><\/figure>\n\n\n\n<figure class=\"wp-block-image size-full\"><a href=\"https:\/\/ritinihandmade.pl\/?attachment_id=336\"><img loading=\"lazy\" decoding=\"async\" width=\"1876\" height=\"2560\" data-id=\"336\" src=\"https:\/\/ritinihandmade.pl\/wp-content\/uploads\/2026\/02\/20241104_125359-scaled.jpg\" alt=\"\" class=\"wp-image-336\" srcset=\"https:\/\/ritinihandmade.pl\/wp-content\/uploads\/2026\/02\/20241104_125359-scaled.jpg 1876w, https:\/\/ritinihandmade.pl\/wp-content\/uploads\/2026\/02\/20241104_125359-220x300.jpg 220w, https:\/\/ritinihandmade.pl\/wp-content\/uploads\/2026\/02\/20241104_125359-750x1024.jpg 750w, https:\/\/ritinihandmade.pl\/wp-content\/uploads\/2026\/02\/20241104_125359-768x1048.jpg 768w, https:\/\/ritinihandmade.pl\/wp-content\/uploads\/2026\/02\/20241104_125359-1125x1536.jpg 1125w, https:\/\/ritinihandmade.pl\/wp-content\/uploads\/2026\/02\/20241104_125359-1500x2048.jpg 1500w\" sizes=\"auto, (max-width: 1876px) 100vw, 1876px\" \/><\/a><\/figure>\n\n\n\n<figure class=\"wp-block-image size-full\"><a href=\"https:\/\/ritinihandmade.pl\/?attachment_id=335\"><img loading=\"lazy\" decoding=\"async\" width=\"1441\" height=\"2560\" data-id=\"335\" src=\"https:\/\/ritinihandmade.pl\/wp-content\/uploads\/2026\/02\/20250127_111540-scaled.jpg\" alt=\"\" class=\"wp-image-335\" srcset=\"https:\/\/ritinihandmade.pl\/wp-content\/uploads\/2026\/02\/20250127_111540-scaled.jpg 1441w, https:\/\/ritinihandmade.pl\/wp-content\/uploads\/2026\/02\/20250127_111540-169x300.jpg 169w, https:\/\/ritinihandmade.pl\/wp-content\/uploads\/2026\/02\/20250127_111540-577x1024.jpg 577w, https:\/\/ritinihandmade.pl\/wp-content\/uploads\/2026\/02\/20250127_111540-768x1364.jpg 768w, https:\/\/ritinihandmade.pl\/wp-content\/uploads\/2026\/02\/20250127_111540-865x1536.jpg 865w, https:\/\/ritinihandmade.pl\/wp-content\/uploads\/2026\/02\/20250127_111540-1153x2048.jpg 1153w\" sizes=\"auto, (max-width: 1441px) 100vw, 1441px\" \/><\/a><\/figure>\n\n\n\n<figure class=\"wp-block-image size-full\"><a href=\"https:\/\/ritinihandmade.pl\/?attachment_id=337\"><img loading=\"lazy\" decoding=\"async\" width=\"1619\" height=\"2560\" data-id=\"337\" src=\"https:\/\/ritinihandmade.pl\/wp-content\/uploads\/2026\/02\/20250127_111505-scaled.jpg\" alt=\"\" class=\"wp-image-337\" srcset=\"https:\/\/ritinihandmade.pl\/wp-content\/uploads\/2026\/02\/20250127_111505-scaled.jpg 1619w, https:\/\/ritinihandmade.pl\/wp-content\/uploads\/2026\/02\/20250127_111505-190x300.jpg 190w, https:\/\/ritinihandmade.pl\/wp-content\/uploads\/2026\/02\/20250127_111505-648x1024.jpg 648w, https:\/\/ritinihandmade.pl\/wp-content\/uploads\/2026\/02\/20250127_111505-768x1214.jpg 768w, https:\/\/ritinihandmade.pl\/wp-content\/uploads\/2026\/02\/20250127_111505-972x1536.jpg 972w, https:\/\/ritinihandmade.pl\/wp-content\/uploads\/2026\/02\/20250127_111505-1295x2048.jpg 1295w\" sizes=\"auto, (max-width: 1619px) 100vw, 1619px\" \/><\/a><\/figure>\n\n\n\n<figure class=\"wp-block-image size-full\"><a href=\"https:\/\/ritinihandmade.pl\/?attachment_id=338\"><img loading=\"lazy\" decoding=\"async\" width=\"1441\" height=\"2560\" data-id=\"338\" src=\"https:\/\/ritinihandmade.pl\/wp-content\/uploads\/2026\/02\/20250127_111514-scaled.jpg\" alt=\"\" class=\"wp-image-338\" srcset=\"https:\/\/ritinihandmade.pl\/wp-content\/uploads\/2026\/02\/20250127_111514-scaled.jpg 1441w, https:\/\/ritinihandmade.pl\/wp-content\/uploads\/2026\/02\/20250127_111514-169x300.jpg 169w, https:\/\/ritinihandmade.pl\/wp-content\/uploads\/2026\/02\/20250127_111514-577x1024.jpg 577w, https:\/\/ritinihandmade.pl\/wp-content\/uploads\/2026\/02\/20250127_111514-768x1364.jpg 768w, https:\/\/ritinihandmade.pl\/wp-content\/uploads\/2026\/02\/20250127_111514-865x1536.jpg 865w, https:\/\/ritinihandmade.pl\/wp-content\/uploads\/2026\/02\/20250127_111514-1153x2048.jpg 1153w\" sizes=\"auto, (max-width: 1441px) 100vw, 1441px\" \/><\/a><\/figure>\n<\/figure>\n","protected":false},"excerpt":{"rendered":"","protected":false},"author":1,"featured_media":0,"parent":10,"menu_order":3,"comment_status":"closed","ping_status":"closed","template":"","meta":{"site-sidebar-layout":"default","site-content-layout":"","ast-site-content-layout":"default","site-content-style":"default","site-sidebar-style":"default","ast-global-header-display":"","ast-banner-title-visibility":"","ast-main-header-display":"","ast-hfb-above-header-display":"","ast-hfb-below-header-display":"","ast-hfb-mobile-header-display":"","site-post-title":"","ast-breadcrumbs-content":"","ast-featured-img":"","footer-sml-layout":"","ast-disable-related-posts":"","theme-transparent-header-meta":"","adv-header-id-meta":"","stick-header-meta":"","header-above-stick-meta":"","header-main-stick-meta":"","header-below-stick-meta":"","astra-migrate-meta-layouts":"default","ast-page-background-enabled":"default","ast-page-background-meta":{"desktop":{"background-color":"var(--ast-global-color-5)","background-image":"","background-repeat":"repeat","background-position":"center center","background-size":"auto","background-attachment":"scroll","background-type":"","background-media":"","overlay-type":"","overlay-color":"","overlay-opacity":"","overlay-gradient":""},"tablet":{"background-color":"","background-image":"","background-repeat":"repeat","background-position":"center center","background-size":"auto","background-attachment":"scroll","background-type":"","background-media":"","overlay-type":"","overlay-color":"","overlay-opacity":"","overlay-gradient":""},"mobile":{"background-color":"","background-image":"","background-repeat":"repeat","background-position":"center center","background-size":"auto","background-attachment":"scroll","background-type":"","background-media":"","overlay-type":"","overlay-color":"","overlay-opacity":"","overlay-gradient":""}},"ast-content-background-meta":{"desktop":{"background-color":"var(--ast-global-color-4)","background-image":"","background-repeat":"repeat","background-position":"center center","background-size":"auto","background-attachment":"scroll","background-type":"","background-media":"","overlay-type":"","overlay-color":"","overlay-opacity":"","overlay-gradient":""},"tablet":{"background-color":"var(--ast-global-color-4)","background-image":"","background-repeat":"repeat","background-position":"center center","background-size":"auto","background-attachment":"scroll","background-type":"","background-media":"","overlay-type":"","overlay-color":"","overlay-opacity":"","overlay-gradient":""},"mobile":{"background-color":"var(--ast-global-color-4)","background-image":"","background-repeat":"repeat","background-position":"center center","background-size":"auto","background-attachment":"scroll","background-type":"","background-media":"","overlay-type":"","overlay-color":"","overlay-opacity":"","overlay-gradient":""}},"footnotes":""},"class_list":["post-83","page","type-page","status-publish","hentry"],"_links":{"self":[{"href":"https:\/\/ritinihandmade.pl\/index.php?rest_route=\/wp\/v2\/pages\/83","targetHints":{"allow":["GET"]}}],"collection":[{"href":"https:\/\/ritinihandmade.pl\/index.php?rest_route=\/wp\/v2\/pages"}],"about":[{"href":"https:\/\/ritinihandmade.pl\/index.php?rest_route=\/wp\/v2\/types\/page"}],"author":[{"embeddable":true,"href":"https:\/\/ritinihandmade.pl\/index.php?rest_route=\/wp\/v2\/users\/1"}],"replies":[{"embeddable":true,"href":"https:\/\/ritinihandmade.pl\/index.php?rest_route=%2Fwp%2Fv2%2Fcomments&post=83"}],"version-history":[{"count":7,"href":"https:\/\/ritinihandmade.pl\/index.php?rest_route=\/wp\/v2\/pages\/83\/revisions"}],"predecessor-version":[{"id":616,"href":"https:\/\/ritinihandmade.pl\/index.php?rest_route=\/wp\/v2\/pages\/83\/revisions\/616"}],"up":[{"embeddable":true,"href":"https:\/\/ritinihandmade.pl\/index.php?rest_route=\/wp\/v2\/pages\/10"}],"wp:attachment":[{"href":"https:\/\/ritinihandmade.pl\/index.php?rest_route=%2Fwp%2Fv2%2Fmedia&parent=83"}],"curies":[{"name":"wp","href":"https:\/\/api.w.org\/{rel}","templated":true}]}}