{"id":494,"date":"2026-03-01T17:42:19","date_gmt":"2026-03-01T16:42:19","guid":{"rendered":"https:\/\/ritinihandmade.pl\/?page_id=494"},"modified":"2026-03-02T19:01:00","modified_gmt":"2026-03-02T18:01:00","slug":"podstawka-z-lawenda","status":"publish","type":"page","link":"https:\/\/ritinihandmade.pl\/?page_id=494","title":{"rendered":"Podstawka z lawend\u0105"},"content":{"rendered":"\n<div class=\"wp-block-media-text is-stacked-on-mobile is-image-fill-element\" style=\"grid-template-columns:20% auto\"><figure class=\"wp-block-media-text__media\"><a href=\"https:\/\/ritinihandmade.pl\/wp-content\/uploads\/2026\/02\/20251121_181316-scaled.jpg\"><img loading=\"lazy\" decoding=\"async\" width=\"577\" height=\"1024\" src=\"https:\/\/ritinihandmade.pl\/wp-content\/uploads\/2026\/02\/20251121_181316-577x1024.jpg\" alt=\"\" class=\"wp-image-345 size-full\" style=\"object-position:49% 54%\" srcset=\"https:\/\/ritinihandmade.pl\/wp-content\/uploads\/2026\/02\/20251121_181316-577x1024.jpg 577w, https:\/\/ritinihandmade.pl\/wp-content\/uploads\/2026\/02\/20251121_181316-169x300.jpg 169w, https:\/\/ritinihandmade.pl\/wp-content\/uploads\/2026\/02\/20251121_181316-768x1364.jpg 768w, https:\/\/ritinihandmade.pl\/wp-content\/uploads\/2026\/02\/20251121_181316-865x1536.jpg 865w, https:\/\/ritinihandmade.pl\/wp-content\/uploads\/2026\/02\/20251121_181316-1153x2048.jpg 1153w, https:\/\/ritinihandmade.pl\/wp-content\/uploads\/2026\/02\/20251121_181316-scaled.jpg 1441w\" sizes=\"auto, (max-width: 577px) 100vw, 577px\" \/><\/a><\/figure><div class=\"wp-block-media-text__content\">\n<p class=\"has-text-align-left has-medium-font-size\"><strong>Podstawka z Lawend\u0105<\/strong><\/p>\n\n\n\n<p class=\"has-medium-font-size\"><strong>30 z\u0142<\/strong><\/p>\n\n\n\n<ul class=\"wp-block-list\">\n<li class=\"has-medium-font-size\">Transparentna \u017cywica <\/li>\n\n\n\n<li class=\"has-medium-font-size\">Lawenda zasuszona z w\u0142asnego ogr\u00f3dka<\/li>\n\n\n\n<li class=\"has-medium-font-size\">Wymiary 18 x 9 x 1 cm<\/li>\n\n\n\n<li class=\"has-medium-font-size\">Zapakowana w ozdobne prezentowe pude\u0142ko<\/li>\n<\/ul>\n\n\n\n<p class=\"has-medium-font-size\">&nbsp;Po zakupie kontaktuj\u0119 si\u0119 z Tob\u0105, aby&nbsp;ustali\u0107 szczeg\u00f3\u0142y wysy\u0142ki &nbsp;<\/p>\n\n\n\n<div class=\"wp-block-buttons is-layout-flex wp-block-buttons-is-layout-flex\">\n<div class=\"wp-block-button is-style-fill\"><a class=\"wp-block-button__link has-background wp-element-button\" href=\"https:\/\/ritinihandmade.pl\/?page_id=11\" style=\"background:linear-gradient(135deg,rgb(238,238,238) 16%,rgb(169,184,195) 100%)\"><strong>Zam\u00f3w teraz<\/strong><\/a><\/div>\n\n\n\n<div class=\"wp-block-button is-style-fill\"><a class=\"wp-block-button__link has-background wp-element-button\" href=\"https:\/\/www.vinted.pl\/items\/8154158042-podstawka-z-zywicy-epoksydowej\" style=\"background:linear-gradient(135deg,rgb(238,238,238) 16%,rgb(169,184,195) 100%)\"><strong>Kup przez Vinted<\/strong><\/a><\/div>\n<\/div>\n<\/div><\/div>\n\n\n\n<p><\/p>\n","protected":false},"excerpt":{"rendered":"","protected":false},"author":1,"featured_media":0,"parent":0,"menu_order":0,"comment_status":"closed","ping_status":"closed","template":"","meta":{"site-sidebar-layout":"default","site-content-layout":"","ast-site-content-layout":"default","site-content-style":"default","site-sidebar-style":"default","ast-global-header-display":"","ast-banner-title-visibility":"","ast-main-header-display":"","ast-hfb-above-header-display":"","ast-hfb-below-header-display":"","ast-hfb-mobile-header-display":"","site-post-title":"disabled","ast-breadcrumbs-content":"","ast-featured-img":"","footer-sml-layout":"","ast-disable-related-posts":"","theme-transparent-header-meta":"","adv-header-id-meta":"","stick-header-meta":"","header-above-stick-meta":"","header-main-stick-meta":"","header-below-stick-meta":"","astra-migrate-meta-layouts":"default","ast-page-background-enabled":"default","ast-page-background-meta":{"desktop":{"background-color":"var(--ast-global-color-5)","background-image":"","background-repeat":"repeat","background-position":"center center","background-size":"auto","background-attachment":"scroll","background-type":"","background-media":"","overlay-type":"","overlay-color":"","overlay-opacity":"","overlay-gradient":""},"tablet":{"background-color":"","background-image":"","background-repeat":"repeat","background-position":"center center","background-size":"auto","background-attachment":"scroll","background-type":"","background-media":"","overlay-type":"","overlay-color":"","overlay-opacity":"","overlay-gradient":""},"mobile":{"background-color":"","background-image":"","background-repeat":"repeat","background-position":"center center","background-size":"auto","background-attachment":"scroll","background-type":"","background-media":"","overlay-type":"","overlay-color":"","overlay-opacity":"","overlay-gradient":""}},"ast-content-background-meta":{"desktop":{"background-color":"var(--ast-global-color-4)","background-image":"","background-repeat":"repeat","background-position":"center center","background-size":"auto","background-attachment":"scroll","background-type":"","background-media":"","overlay-type":"","overlay-color":"","overlay-opacity":"","overlay-gradient":""},"tablet":{"background-color":"var(--ast-global-color-4)","background-image":"","background-repeat":"repeat","background-position":"center center","background-size":"auto","background-attachment":"scroll","background-type":"","background-media":"","overlay-type":"","overlay-color":"","overlay-opacity":"","overlay-gradient":""},"mobile":{"background-color":"var(--ast-global-color-4)","background-image":"","background-repeat":"repeat","background-position":"center center","background-size":"auto","background-attachment":"scroll","background-type":"","background-media":"","overlay-type":"","overlay-color":"","overlay-opacity":"","overlay-gradient":""}},"footnotes":""},"class_list":["post-494","page","type-page","status-publish","hentry"],"_links":{"self":[{"href":"https:\/\/ritinihandmade.pl\/index.php?rest_route=\/wp\/v2\/pages\/494","targetHints":{"allow":["GET"]}}],"collection":[{"href":"https:\/\/ritinihandmade.pl\/index.php?rest_route=\/wp\/v2\/pages"}],"about":[{"href":"https:\/\/ritinihandmade.pl\/index.php?rest_route=\/wp\/v2\/types\/page"}],"author":[{"embeddable":true,"href":"https:\/\/ritinihandmade.pl\/index.php?rest_route=\/wp\/v2\/users\/1"}],"replies":[{"embeddable":true,"href":"https:\/\/ritinihandmade.pl\/index.php?rest_route=%2Fwp%2Fv2%2Fcomments&post=494"}],"version-history":[{"count":14,"href":"https:\/\/ritinihandmade.pl\/index.php?rest_route=\/wp\/v2\/pages\/494\/revisions"}],"predecessor-version":[{"id":576,"href":"https:\/\/ritinihandmade.pl\/index.php?rest_route=\/wp\/v2\/pages\/494\/revisions\/576"}],"wp:attachment":[{"href":"https:\/\/ritinihandmade.pl\/index.php?rest_route=%2Fwp%2Fv2%2Fmedia&parent=494"}],"curies":[{"name":"wp","href":"https:\/\/api.w.org\/{rel}","templated":true}]}}