{"id":117,"date":"2026-02-17T20:27:09","date_gmt":"2026-02-17T19:27:09","guid":{"rendered":"https:\/\/ritinihandmade.pl\/?page_id=117"},"modified":"2026-03-02T18:02:51","modified_gmt":"2026-03-02T17:02:51","slug":"dostepne-od-reki","status":"publish","type":"page","link":"https:\/\/ritinihandmade.pl\/?page_id=117","title":{"rendered":"Dost\u0119pne od r\u0119ki"},"content":{"rendered":"\n<div class=\"wp-block-columns has-black-color has-text-color has-link-color wp-elements-60cb271ceb95e0590a99fbf98b5508e8 is-layout-flex wp-container-core-columns-is-layout-28f84493 wp-block-columns-is-layout-flex\">\n<div class=\"wp-block-column is-layout-flow wp-block-column-is-layout-flow\">\n<figure class=\"wp-block-image size-full has-custom-border\"><a href=\"https:\/\/ritinihandmade.pl\/?page_id=494\"><img loading=\"lazy\" decoding=\"async\" width=\"1441\" height=\"2560\" src=\"https:\/\/ritinihandmade.pl\/wp-content\/uploads\/2026\/02\/20251121_181316-scaled.jpg\" alt=\"\" class=\"wp-image-345\" style=\"border-width:1px;border-top-left-radius:20px;border-top-right-radius:20px;border-bottom-left-radius:20px;border-bottom-right-radius:20px;aspect-ratio:3\/4;object-fit:cover\" srcset=\"https:\/\/ritinihandmade.pl\/wp-content\/uploads\/2026\/02\/20251121_181316-scaled.jpg 1441w, https:\/\/ritinihandmade.pl\/wp-content\/uploads\/2026\/02\/20251121_181316-169x300.jpg 169w, https:\/\/ritinihandmade.pl\/wp-content\/uploads\/2026\/02\/20251121_181316-577x1024.jpg 577w, https:\/\/ritinihandmade.pl\/wp-content\/uploads\/2026\/02\/20251121_181316-768x1364.jpg 768w, https:\/\/ritinihandmade.pl\/wp-content\/uploads\/2026\/02\/20251121_181316-865x1536.jpg 865w, https:\/\/ritinihandmade.pl\/wp-content\/uploads\/2026\/02\/20251121_181316-1153x2048.jpg 1153w\" sizes=\"auto, (max-width: 1441px) 100vw, 1441px\" \/><\/a><\/figure>\n\n\n\n<p class=\"has-text-align-center\"><strong>Podstawka z Lawend\u0105<\/strong><\/p>\n\n\n\n<p class=\"has-text-align-center\"><strong>30 z\u0142 <\/strong><\/p>\n\n\n\n<div class=\"wp-block-buttons is-content-justification-center is-layout-flex wp-container-core-buttons-is-layout-a89b3969 wp-block-buttons-is-layout-flex\">\n<div class=\"wp-block-button is-style-fill\"><a class=\"wp-block-button__link has-ast-global-color-5-color has-text-color has-background has-link-color has-custom-font-size wp-element-button\" href=\"https:\/\/ritinihandmade.pl\/?page_id=494\" style=\"background:linear-gradient(135deg,rgb(2,3,129) 1%,rgb(40,116,252) 100%);font-size:20px\">Zobacz szczeg\u00f3\u0142y<\/a><\/div>\n<\/div>\n<\/div>\n\n\n\n<div class=\"wp-block-column is-layout-flow wp-block-column-is-layout-flow\">\n<figure class=\"wp-block-image size-full has-custom-border\"><a href=\"https:\/\/ritinihandmade.pl\/?page_id=521\"><img loading=\"lazy\" decoding=\"async\" width=\"1441\" height=\"2560\" src=\"https:\/\/ritinihandmade.pl\/wp-content\/uploads\/2026\/02\/20260203_180052-scaled.jpg\" alt=\"\" class=\"wp-image-351\" style=\"border-width:1px;border-top-left-radius:20px;border-top-right-radius:20px;border-bottom-left-radius:20px;border-bottom-right-radius:20px;aspect-ratio:3\/4;object-fit:cover\" srcset=\"https:\/\/ritinihandmade.pl\/wp-content\/uploads\/2026\/02\/20260203_180052-scaled.jpg 1441w, https:\/\/ritinihandmade.pl\/wp-content\/uploads\/2026\/02\/20260203_180052-169x300.jpg 169w, https:\/\/ritinihandmade.pl\/wp-content\/uploads\/2026\/02\/20260203_180052-577x1024.jpg 577w, https:\/\/ritinihandmade.pl\/wp-content\/uploads\/2026\/02\/20260203_180052-768x1364.jpg 768w, https:\/\/ritinihandmade.pl\/wp-content\/uploads\/2026\/02\/20260203_180052-865x1536.jpg 865w, https:\/\/ritinihandmade.pl\/wp-content\/uploads\/2026\/02\/20260203_180052-1153x2048.jpg 1153w\" sizes=\"auto, (max-width: 1441px) 100vw, 1441px\" \/><\/a><\/figure>\n\n\n\n<p class=\"has-text-align-center\"><strong>Zak\u0142adka do ksi\u0105\u017cki ze z\u0142otkiem <\/strong><\/p>\n\n\n\n<p class=\"has-text-align-center\"><strong>25 z\u0142 <\/strong><\/p>\n\n\n\n<div class=\"wp-block-buttons is-content-justification-center is-layout-flex wp-container-core-buttons-is-layout-a89b3969 wp-block-buttons-is-layout-flex\">\n<div class=\"wp-block-button\"><a class=\"wp-block-button__link has-white-color has-midnight-gradient-background has-text-color has-background has-link-color has-custom-font-size wp-element-button\" href=\"https:\/\/ritinihandmade.pl\/?page_id=521\" style=\"font-size:20px\">Zobacz szczeg\u00f3\u0142y<\/a><\/div>\n<\/div>\n<\/div>\n\n\n\n<div class=\"wp-block-column is-layout-flow wp-block-column-is-layout-flow\">\n<figure class=\"wp-block-image size-full has-custom-border is-style-default\"><a href=\"https:\/\/ritinihandmade.pl\/?page_id=540\"><img loading=\"lazy\" decoding=\"async\" width=\"1441\" height=\"2560\" src=\"https:\/\/ritinihandmade.pl\/wp-content\/uploads\/2026\/02\/20250215_105512-scaled.jpg\" alt=\"\" class=\"wp-image-238\" style=\"border-width:1px;border-top-left-radius:20px;border-top-right-radius:20px;border-bottom-left-radius:20px;border-bottom-right-radius:20px;aspect-ratio:3\/4;object-fit:cover\" srcset=\"https:\/\/ritinihandmade.pl\/wp-content\/uploads\/2026\/02\/20250215_105512-scaled.jpg 1441w, https:\/\/ritinihandmade.pl\/wp-content\/uploads\/2026\/02\/20250215_105512-169x300.jpg 169w, https:\/\/ritinihandmade.pl\/wp-content\/uploads\/2026\/02\/20250215_105512-577x1024.jpg 577w, https:\/\/ritinihandmade.pl\/wp-content\/uploads\/2026\/02\/20250215_105512-768x1364.jpg 768w, https:\/\/ritinihandmade.pl\/wp-content\/uploads\/2026\/02\/20250215_105512-865x1536.jpg 865w, https:\/\/ritinihandmade.pl\/wp-content\/uploads\/2026\/02\/20250215_105512-1153x2048.jpg 1153w\" sizes=\"auto, (max-width: 1441px) 100vw, 1441px\" \/><\/a><\/figure>\n\n\n\n<p class=\"has-text-align-center\"><strong>Naszyjnik motylek<\/strong><\/p>\n\n\n\n<p class=\"has-text-align-center\"><strong>33 z\u0142 <\/strong><\/p>\n\n\n\n<div class=\"wp-block-buttons is-content-justification-center is-layout-flex wp-container-core-buttons-is-layout-a89b3969 wp-block-buttons-is-layout-flex\">\n<div class=\"wp-block-button\"><a class=\"wp-block-button__link has-white-color has-midnight-gradient-background has-text-color has-background has-link-color wp-element-button\" href=\"https:\/\/ritinihandmade.pl\/?page_id=540\">Zobacz szczeg\u00f3\u0142y <\/a><\/div>\n<\/div>\n<\/div>\n<\/div>\n\n\n\n<p><\/p>\n","protected":false},"excerpt":{"rendered":"<p>Podstawka z Lawend\u0105 30 z\u0142 Zak\u0142adka do ksi\u0105\u017cki ze z\u0142otkiem 25 z\u0142 Naszyjnik motylek 33 z\u0142<\/p>\n","protected":false},"author":1,"featured_media":0,"parent":0,"menu_order":0,"comment_status":"closed","ping_status":"closed","template":"","meta":{"site-sidebar-layout":"default","site-content-layout":"","ast-site-content-layout":"default","site-content-style":"default","site-sidebar-style":"default","ast-global-header-display":"","ast-banner-title-visibility":"","ast-main-header-display":"","ast-hfb-above-header-display":"","ast-hfb-below-header-display":"","ast-hfb-mobile-header-display":"","site-post-title":"disabled","ast-breadcrumbs-content":"","ast-featured-img":"","footer-sml-layout":"","ast-disable-related-posts":"","theme-transparent-header-meta":"","adv-header-id-meta":"","stick-header-meta":"","header-above-stick-meta":"","header-main-stick-meta":"","header-below-stick-meta":"","astra-migrate-meta-layouts":"default","ast-page-background-enabled":"default","ast-page-background-meta":{"desktop":{"background-color":"var(--ast-global-color-5)","background-image":"","background-repeat":"repeat","background-position":"center center","background-size":"auto","background-attachment":"scroll","background-type":"","background-media":"","overlay-type":"","overlay-color":"","overlay-opacity":"","overlay-gradient":""},"tablet":{"background-color":"","background-image":"","background-repeat":"repeat","background-position":"center center","background-size":"auto","background-attachment":"scroll","background-type":"","background-media":"","overlay-type":"","overlay-color":"","overlay-opacity":"","overlay-gradient":""},"mobile":{"background-color":"","background-image":"","background-repeat":"repeat","background-position":"center center","background-size":"auto","background-attachment":"scroll","background-type":"","background-media":"","overlay-type":"","overlay-color":"","overlay-opacity":"","overlay-gradient":""}},"ast-content-background-meta":{"desktop":{"background-color":"var(--ast-global-color-4)","background-image":"","background-repeat":"repeat","background-position":"center center","background-size":"auto","background-attachment":"scroll","background-type":"","background-media":"","overlay-type":"","overlay-color":"","overlay-opacity":"","overlay-gradient":""},"tablet":{"background-color":"var(--ast-global-color-4)","background-image":"","background-repeat":"repeat","background-position":"center center","background-size":"auto","background-attachment":"scroll","background-type":"","background-media":"","overlay-type":"","overlay-color":"","overlay-opacity":"","overlay-gradient":""},"mobile":{"background-color":"var(--ast-global-color-4)","background-image":"","background-repeat":"repeat","background-position":"center center","background-size":"auto","background-attachment":"scroll","background-type":"","background-media":"","overlay-type":"","overlay-color":"","overlay-opacity":"","overlay-gradient":""}},"footnotes":""},"class_list":["post-117","page","type-page","status-publish","hentry"],"_links":{"self":[{"href":"https:\/\/ritinihandmade.pl\/index.php?rest_route=\/wp\/v2\/pages\/117","targetHints":{"allow":["GET"]}}],"collection":[{"href":"https:\/\/ritinihandmade.pl\/index.php?rest_route=\/wp\/v2\/pages"}],"about":[{"href":"https:\/\/ritinihandmade.pl\/index.php?rest_route=\/wp\/v2\/types\/page"}],"author":[{"embeddable":true,"href":"https:\/\/ritinihandmade.pl\/index.php?rest_route=\/wp\/v2\/users\/1"}],"replies":[{"embeddable":true,"href":"https:\/\/ritinihandmade.pl\/index.php?rest_route=%2Fwp%2Fv2%2Fcomments&post=117"}],"version-history":[{"count":24,"href":"https:\/\/ritinihandmade.pl\/index.php?rest_route=\/wp\/v2\/pages\/117\/revisions"}],"predecessor-version":[{"id":546,"href":"https:\/\/ritinihandmade.pl\/index.php?rest_route=\/wp\/v2\/pages\/117\/revisions\/546"}],"wp:attachment":[{"href":"https:\/\/ritinihandmade.pl\/index.php?rest_route=%2Fwp%2Fv2%2Fmedia&parent=117"}],"curies":[{"name":"wp","href":"https:\/\/api.w.org\/{rel}","templated":true}]}}