{"id":10,"date":"2025-08-15T17:23:47","date_gmt":"2025-08-15T15:23:47","guid":{"rendered":"https:\/\/ritinihandmade.pl\/?page_id=10"},"modified":"2026-04-08T20:06:07","modified_gmt":"2026-04-08T18:06:07","slug":"galeria","status":"publish","type":"page","link":"https:\/\/ritinihandmade.pl\/?page_id=10","title":{"rendered":"Galeria"},"content":{"rendered":"\n<div class=\"wp-block-columns is-layout-flex wp-container-core-columns-is-layout-28f84493 wp-block-columns-is-layout-flex\">\n<div class=\"wp-block-column is-layout-flow wp-block-column-is-layout-flow\">\n<div class=\"wp-block-cover has-aspect-ratio\" style=\"border-top-left-radius:20px;border-top-right-radius:20px;border-bottom-left-radius:20px;border-bottom-right-radius:20px;aspect-ratio:3\/4;min-height:unset;\"><img loading=\"lazy\" decoding=\"async\" width=\"768\" height=\"1024\" class=\"wp-block-cover__image-background wp-image-636 size-large\" alt=\"\" src=\"https:\/\/ritinihandmade.pl\/wp-content\/uploads\/2026\/04\/3-768x1024.jpg\" data-object-fit=\"cover\" srcset=\"https:\/\/ritinihandmade.pl\/wp-content\/uploads\/2026\/04\/3-768x1024.jpg 768w, https:\/\/ritinihandmade.pl\/wp-content\/uploads\/2026\/04\/3-225x300.jpg 225w, https:\/\/ritinihandmade.pl\/wp-content\/uploads\/2026\/04\/3-1152x1536.jpg 1152w, https:\/\/ritinihandmade.pl\/wp-content\/uploads\/2026\/04\/3-1536x2048.jpg 1536w, https:\/\/ritinihandmade.pl\/wp-content\/uploads\/2026\/04\/3-scaled.jpg 1920w\" sizes=\"auto, (max-width: 768px) 100vw, 768px\" \/><span aria-hidden=\"true\" class=\"wp-block-cover__background has-background-dim\"><\/span><div class=\"wp-block-cover__inner-container is-layout-constrained wp-block-cover-is-layout-constrained\">\n<div class=\"wp-block-buttons is-content-justification-center is-layout-flex wp-container-core-buttons-is-layout-14fda2d7 wp-block-buttons-is-layout-flex\" style=\"padding-top:0rem;padding-bottom:0rem\">\n<div class=\"wp-block-button\"><a class=\"wp-block-button__link has-ast-global-color-7-color has-text-color has-background has-link-color has-text-align-center has-custom-font-size wp-element-button\" href=\"https:\/\/ritinihandmade.pl\/?page_id=622\" style=\"background-color:#ffffff00;padding-top:10rem;padding-right:var(--wp--preset--spacing--80);padding-bottom:10rem;padding-left:var(--wp--preset--spacing--80);font-size:41px\"><strong>Tace<\/strong><\/a><\/div>\n<\/div>\n<\/div><\/div>\n<\/div>\n\n\n\n<div class=\"wp-block-column is-layout-flow wp-block-column-is-layout-flow\">\n<div class=\"wp-block-cover has-aspect-ratio\" style=\"border-style:none;border-width:0px;border-top-left-radius:20px;border-top-right-radius:20px;border-bottom-left-radius:20px;border-bottom-right-radius:20px;aspect-ratio:3\/4;min-height:unset;\"><img loading=\"lazy\" decoding=\"async\" width=\"683\" height=\"1024\" class=\"wp-block-cover__image-background wp-image-380\" alt=\"\" src=\"https:\/\/ritinihandmade.pl\/wp-content\/uploads\/2026\/02\/Strona-glowna-683x1024.jpg\" data-object-fit=\"cover\" srcset=\"https:\/\/ritinihandmade.pl\/wp-content\/uploads\/2026\/02\/Strona-glowna-683x1024.jpg 683w, https:\/\/ritinihandmade.pl\/wp-content\/uploads\/2026\/02\/Strona-glowna-200x300.jpg 200w, https:\/\/ritinihandmade.pl\/wp-content\/uploads\/2026\/02\/Strona-glowna-768x1152.jpg 768w, https:\/\/ritinihandmade.pl\/wp-content\/uploads\/2026\/02\/Strona-glowna-1024x1536.jpg 1024w, https:\/\/ritinihandmade.pl\/wp-content\/uploads\/2026\/02\/Strona-glowna-1366x2048.jpg 1366w, https:\/\/ritinihandmade.pl\/wp-content\/uploads\/2026\/02\/Strona-glowna-scaled.jpg 1707w\" sizes=\"auto, (max-width: 683px) 100vw, 683px\" \/><span aria-hidden=\"true\" class=\"wp-block-cover__background has-background-dim\"><\/span><div class=\"wp-block-cover__inner-container is-layout-flow wp-block-cover-is-layout-flow\">\n<div class=\"wp-block-buttons is-content-justification-center is-layout-flex wp-container-core-buttons-is-layout-a89b3969 wp-block-buttons-is-layout-flex\">\n<div class=\"wp-block-button has-custom-width wp-block-button__width-100 is-style-fill\"><a class=\"wp-block-button__link has-ast-global-color-7-color has-text-color has-background has-link-color has-text-align-center has-custom-font-size wp-element-button\" href=\"https:\/\/ritinihandmade.pl\/?page_id=81\" style=\"background-color:#ffffff00;padding-top:10rem;padding-bottom:10rem;font-size:41px\"><strong>Patery<\/strong><\/a><\/div>\n<\/div>\n<\/div><\/div>\n<\/div>\n\n\n\n<div class=\"wp-block-column is-layout-flow wp-block-column-is-layout-flow\">\n<div class=\"wp-block-cover has-aspect-ratio\" style=\"border-width:1px;border-top-left-radius:20px;border-top-right-radius:20px;border-bottom-left-radius:20px;border-bottom-right-radius:20px;aspect-ratio:3\/4;min-height:unset;\"><img loading=\"lazy\" decoding=\"async\" width=\"1441\" height=\"2560\" class=\"wp-block-cover__image-background wp-image-196\" alt=\"\" src=\"https:\/\/ritinihandmade.pl\/wp-content\/uploads\/2026\/02\/20260203_180331-scaled.jpg\" data-object-fit=\"cover\" srcset=\"https:\/\/ritinihandmade.pl\/wp-content\/uploads\/2026\/02\/20260203_180331-scaled.jpg 1441w, https:\/\/ritinihandmade.pl\/wp-content\/uploads\/2026\/02\/20260203_180331-169x300.jpg 169w, https:\/\/ritinihandmade.pl\/wp-content\/uploads\/2026\/02\/20260203_180331-577x1024.jpg 577w, https:\/\/ritinihandmade.pl\/wp-content\/uploads\/2026\/02\/20260203_180331-768x1364.jpg 768w, https:\/\/ritinihandmade.pl\/wp-content\/uploads\/2026\/02\/20260203_180331-865x1536.jpg 865w, https:\/\/ritinihandmade.pl\/wp-content\/uploads\/2026\/02\/20260203_180331-1153x2048.jpg 1153w\" sizes=\"auto, (max-width: 1441px) 100vw, 1441px\" \/><span aria-hidden=\"true\" class=\"wp-block-cover__background has-background-dim\"><\/span><div class=\"wp-block-cover__inner-container is-layout-flow wp-block-cover-is-layout-flow\">\n<div class=\"wp-block-buttons is-content-justification-center is-layout-flex wp-container-core-buttons-is-layout-b5994976 wp-block-buttons-is-layout-flex\">\n<div class=\"wp-block-button has-custom-width wp-block-button__width-100\"><a class=\"wp-block-button__link has-ast-global-color-7-color has-text-color has-background has-link-color has-text-align-center has-custom-font-size wp-element-button\" href=\"https:\/\/ritinihandmade.pl\/?page_id=83\" style=\"background-color:#ffffff00;padding-top:10rem;padding-bottom:10rem;font-size:39px\"><strong>Zak\u0142adki do ksi\u0105\u017cek<\/strong><\/a><\/div>\n<\/div>\n\n\n\n<div class=\"wp-block-buttons is-layout-flex wp-block-buttons-is-layout-flex\"><\/div>\n<\/div><\/div>\n<\/div>\n<\/div>\n\n\n\n<div class=\"wp-block-columns is-layout-flex wp-container-core-columns-is-layout-28f84493 wp-block-columns-is-layout-flex\">\n<div class=\"wp-block-column is-layout-flow wp-block-column-is-layout-flow\">\n<div class=\"wp-block-cover has-aspect-ratio\" style=\"border-width:1px;border-top-left-radius:20px;border-top-right-radius:20px;border-bottom-left-radius:20px;border-bottom-right-radius:20px;aspect-ratio:3\/4;min-height:unset;\"><img loading=\"lazy\" decoding=\"async\" width=\"1441\" height=\"2560\" class=\"wp-block-cover__image-background wp-image-207\" alt=\"\" src=\"https:\/\/ritinihandmade.pl\/wp-content\/uploads\/2026\/02\/20260203_182420-scaled.jpg\" data-object-fit=\"cover\" srcset=\"https:\/\/ritinihandmade.pl\/wp-content\/uploads\/2026\/02\/20260203_182420-scaled.jpg 1441w, https:\/\/ritinihandmade.pl\/wp-content\/uploads\/2026\/02\/20260203_182420-169x300.jpg 169w, https:\/\/ritinihandmade.pl\/wp-content\/uploads\/2026\/02\/20260203_182420-577x1024.jpg 577w, https:\/\/ritinihandmade.pl\/wp-content\/uploads\/2026\/02\/20260203_182420-768x1364.jpg 768w, https:\/\/ritinihandmade.pl\/wp-content\/uploads\/2026\/02\/20260203_182420-865x1536.jpg 865w, https:\/\/ritinihandmade.pl\/wp-content\/uploads\/2026\/02\/20260203_182420-1153x2048.jpg 1153w\" sizes=\"auto, (max-width: 1441px) 100vw, 1441px\" \/><span aria-hidden=\"true\" class=\"wp-block-cover__background has-background-dim\"><\/span><div class=\"wp-block-cover__inner-container is-layout-flow wp-block-cover-is-layout-flow\">\n<div class=\"wp-block-buttons is-content-justification-center is-layout-flex wp-container-core-buttons-is-layout-b5994976 wp-block-buttons-is-layout-flex\">\n<div class=\"wp-block-button has-custom-width wp-block-button__width-100\"><a class=\"wp-block-button__link has-ast-global-color-7-color has-text-color has-background has-link-color has-custom-font-size wp-element-button\" href=\"https:\/\/ritinihandmade.pl\/?page_id=82\" style=\"background-color:#ffffff00;padding-top:10rem;padding-bottom:10rem;font-size:40px\"><strong>Podstawki<\/strong><\/a><\/div>\n<\/div>\n<\/div><\/div>\n<\/div>\n\n\n\n<div class=\"wp-block-column is-layout-flow wp-block-column-is-layout-flow\">\n<div class=\"wp-block-cover has-aspect-ratio\" style=\"border-width:1px;border-top-left-radius:20px;border-top-right-radius:20px;border-bottom-left-radius:20px;border-bottom-right-radius:20px;aspect-ratio:3\/4;min-height:unset;\"><img loading=\"lazy\" decoding=\"async\" width=\"577\" height=\"1024\" class=\"wp-block-cover__image-background wp-image-87\" alt=\"\" src=\"https:\/\/ritinihandmade.pl\/wp-content\/uploads\/2025\/08\/20250131_115726-577x1024.jpg\" data-object-fit=\"cover\" srcset=\"https:\/\/ritinihandmade.pl\/wp-content\/uploads\/2025\/08\/20250131_115726-577x1024.jpg 577w, https:\/\/ritinihandmade.pl\/wp-content\/uploads\/2025\/08\/20250131_115726-169x300.jpg 169w, https:\/\/ritinihandmade.pl\/wp-content\/uploads\/2025\/08\/20250131_115726-768x1364.jpg 768w, https:\/\/ritinihandmade.pl\/wp-content\/uploads\/2025\/08\/20250131_115726-865x1536.jpg 865w, https:\/\/ritinihandmade.pl\/wp-content\/uploads\/2025\/08\/20250131_115726-1153x2048.jpg 1153w, https:\/\/ritinihandmade.pl\/wp-content\/uploads\/2025\/08\/20250131_115726-scaled.jpg 1441w\" sizes=\"auto, (max-width: 577px) 100vw, 577px\" \/><span aria-hidden=\"true\" class=\"wp-block-cover__background has-background-dim\"><\/span><div class=\"wp-block-cover__inner-container is-layout-flow wp-block-cover-is-layout-flow\">\n<div class=\"wp-block-buttons is-layout-flex wp-block-buttons-is-layout-flex\">\n<div class=\"wp-block-button has-custom-width wp-block-button__width-100\"><a class=\"wp-block-button__link has-ast-global-color-7-color has-text-color has-background has-link-color has-custom-font-size wp-element-button\" href=\"https:\/\/ritinihandmade.pl\/?page_id=75\" style=\"background-color:#ffffff00;padding-top:10rem;padding-bottom:10rem;font-size:36px\"><strong>Bransoletki<\/strong><\/a><\/div>\n<\/div>\n<\/div><\/div>\n<\/div>\n\n\n\n<div class=\"wp-block-column is-layout-flow wp-block-column-is-layout-flow\"><\/div>\n<\/div>\n\n\n\n<p><\/p>\n","protected":false},"excerpt":{"rendered":"","protected":false},"author":1,"featured_media":0,"parent":0,"menu_order":0,"comment_status":"closed","ping_status":"closed","template":"page-gallery.php","meta":{"site-sidebar-layout":"default","site-content-layout":"","ast-site-content-layout":"default","site-content-style":"default","site-sidebar-style":"default","ast-global-header-display":"","ast-banner-title-visibility":"","ast-main-header-display":"","ast-hfb-above-header-display":"","ast-hfb-below-header-display":"","ast-hfb-mobile-header-display":"","site-post-title":"disabled","ast-breadcrumbs-content":"","ast-featured-img":"","footer-sml-layout":"","ast-disable-related-posts":"","theme-transparent-header-meta":"","adv-header-id-meta":"","stick-header-meta":"","header-above-stick-meta":"","header-main-stick-meta":"","header-below-stick-meta":"","astra-migrate-meta-layouts":"default","ast-page-background-enabled":"default","ast-page-background-meta":{"desktop":{"background-color":"var(--ast-global-color-5)","background-image":"","background-repeat":"repeat","background-position":"center center","background-size":"auto","background-attachment":"scroll","background-type":"","background-media":"","overlay-type":"","overlay-color":"","overlay-opacity":"","overlay-gradient":""},"tablet":{"background-color":"","background-image":"","background-repeat":"repeat","background-position":"center center","background-size":"auto","background-attachment":"scroll","background-type":"","background-media":"","overlay-type":"","overlay-color":"","overlay-opacity":"","overlay-gradient":""},"mobile":{"background-color":"","background-image":"","background-repeat":"repeat","background-position":"center center","background-size":"auto","background-attachment":"scroll","background-type":"","background-media":"","overlay-type":"","overlay-color":"","overlay-opacity":"","overlay-gradient":""}},"ast-content-background-meta":{"desktop":{"background-color":"var(--ast-global-color-4)","background-image":"","background-repeat":"repeat","background-position":"center center","background-size":"auto","background-attachment":"scroll","background-type":"","background-media":"","overlay-type":"","overlay-color":"","overlay-opacity":"","overlay-gradient":""},"tablet":{"background-color":"var(--ast-global-color-4)","background-image":"","background-repeat":"repeat","background-position":"center center","background-size":"auto","background-attachment":"scroll","background-type":"","background-media":"","overlay-type":"","overlay-color":"","overlay-opacity":"","overlay-gradient":""},"mobile":{"background-color":"var(--ast-global-color-4)","background-image":"","background-repeat":"repeat","background-position":"center center","background-size":"auto","background-attachment":"scroll","background-type":"","background-media":"","overlay-type":"","overlay-color":"","overlay-opacity":"","overlay-gradient":""}},"footnotes":""},"class_list":["post-10","page","type-page","status-publish","hentry"],"_links":{"self":[{"href":"https:\/\/ritinihandmade.pl\/index.php?rest_route=\/wp\/v2\/pages\/10","targetHints":{"allow":["GET"]}}],"collection":[{"href":"https:\/\/ritinihandmade.pl\/index.php?rest_route=\/wp\/v2\/pages"}],"about":[{"href":"https:\/\/ritinihandmade.pl\/index.php?rest_route=\/wp\/v2\/types\/page"}],"author":[{"embeddable":true,"href":"https:\/\/ritinihandmade.pl\/index.php?rest_route=\/wp\/v2\/users\/1"}],"replies":[{"embeddable":true,"href":"https:\/\/ritinihandmade.pl\/index.php?rest_route=%2Fwp%2Fv2%2Fcomments&post=10"}],"version-history":[{"count":75,"href":"https:\/\/ritinihandmade.pl\/index.php?rest_route=\/wp\/v2\/pages\/10\/revisions"}],"predecessor-version":[{"id":651,"href":"https:\/\/ritinihandmade.pl\/index.php?rest_route=\/wp\/v2\/pages\/10\/revisions\/651"}],"wp:attachment":[{"href":"https:\/\/ritinihandmade.pl\/index.php?rest_route=%2Fwp%2Fv2%2Fmedia&parent=10"}],"curies":[{"name":"wp","href":"https:\/\/api.w.org\/{rel}","templated":true}]}}